{"id":11273,"date":"2024-03-30T05:32:39","date_gmt":"2024-03-30T05:32:39","guid":{"rendered":"https:\/\/towels.cc\/?post_type=product&#038;p=11273"},"modified":"2024-11-05T15:36:28","modified_gmt":"2024-11-05T15:36:28","slug":"waffle-microfiber-beach-towel-design-your-own-pattern-75x150cm","status":"publish","type":"product","link":"https:\/\/towels.cc\/es\/producto\/waffle-microfiber-beach-towel-design-your-own-pattern-75x150cm\/","title":{"rendered":"Toalla de playa de microfibra tipo gofre, dise\u00f1o propio, 75 x 150 cm"},"content":{"rendered":"<p>Grosor 360 g\/m\u00b2, 75 x 150 cm <a href=\"https:\/\/towels.cc\/es\/beach-towel\/\">toalla de playa de microfibra personalizada<\/a> Imprima seg\u00fan la demanda del cliente, sin pelusa, de secado r\u00e1pido con un lazo de tela negro para colgar en la pared.<\/p>\n<p>Somos una <a href=\"https:\/\/towels.cc\/es\/beach-towel\/\">f\u00e1brica de toallas de playa<\/a> En China, aceptamos y producimos toallas de playa de cualquier tama\u00f1o y dise\u00f1o.<\/p>","protected":false},"excerpt":{"rendered":"<p><strong>Material:<\/strong> Microfibra de gofre<br \/>\n<strong>T\u00e9cnico:<\/strong> Logotipo tejido, plano y con impresi\u00f3n digital<br \/>\n<strong>Espesor:<\/strong> 360 GSM<br \/>\n<strong>Composici\u00f3n:<\/strong> Poli\u00e9ster 80% + poliamida 20%<br \/>\n<strong>Tama\u00f1o de la toalla:<\/strong> 75x150cm<br \/>\n<strong>Ventaja:<\/strong> Sin pelusa, f\u00e1cil de colgar en la pared, suave y c\u00f3modo, no se decolora, patr\u00f3n \u00fanico lavable a m\u00e1quina.<br \/>\n<strong>\u00bfQue lugar puedes utilizar?<\/strong><br \/>\nYoga, deporte, regalo promocional, en la playa, excursi\u00f3n, hacer un picnic<\/p>","protected":false},"featured_media":11285,"template":"","meta":{"_seopress_robots_primary_cat":"none","_seopress_titles_title":"","_seopress_titles_desc":"","_seopress_robots_index":""},"product_brand":[],"product_cat":[34],"product_tag":[],"class_list":{"0":"post-11273","1":"product","2":"type-product","3":"status-publish","4":"has-post-thumbnail","6":"product_cat-microfiber-towel","8":"first","9":"instock","10":"shipping-taxable","11":"product-type-simple"},"_links":{"self":[{"href":"https:\/\/towels.cc\/es\/wp-json\/wp\/v2\/product\/11273","targetHints":{"allow":["GET"]}}],"collection":[{"href":"https:\/\/towels.cc\/es\/wp-json\/wp\/v2\/product"}],"about":[{"href":"https:\/\/towels.cc\/es\/wp-json\/wp\/v2\/types\/product"}],"wp:featuredmedia":[{"embeddable":true,"href":"https:\/\/towels.cc\/es\/wp-json\/wp\/v2\/media\/11285"}],"wp:attachment":[{"href":"https:\/\/towels.cc\/es\/wp-json\/wp\/v2\/media?parent=11273"}],"wp:term":[{"taxonomy":"product_brand","embeddable":true,"href":"https:\/\/towels.cc\/es\/wp-json\/wp\/v2\/product_brand?post=11273"},{"taxonomy":"product_cat","embeddable":true,"href":"https:\/\/towels.cc\/es\/wp-json\/wp\/v2\/product_cat?post=11273"},{"taxonomy":"product_tag","embeddable":true,"href":"https:\/\/towels.cc\/es\/wp-json\/wp\/v2\/product_tag?post=11273"}],"curies":[{"name":"wp","href":"https:\/\/api.w.org\/{rel}","templated":true}]}}