{"id":11262,"date":"2024-03-29T18:11:21","date_gmt":"2024-03-29T18:11:21","guid":{"rendered":"https:\/\/towels.cc\/?post_type=product&#038;p=11262"},"modified":"2024-11-05T15:37:46","modified_gmt":"2024-11-05T15:37:46","slug":"24x68-inch-waffle-microfiber-anti-slip-lint-free-quick-dry-yoga-towel-wholesale","status":"publish","type":"product","link":"https:\/\/towels.cc\/es\/producto\/24x68-inch-waffle-microfiber-anti-slip-lint-free-quick-dry-yoga-towel-wholesale\/","title":{"rendered":"Toalla de yoga de secado r\u00e1pido, antideslizante, sin pelusa, de microfibra tipo gofre de 24 \u00d7 68 pulgadas, venta al por mayor"},"content":{"rendered":"<p>Recientemente, cada vez m\u00e1s personas se interesan por los deportes de yoga, y una buena toalla antideslizante, sin pelusa y de secado r\u00e1pido... <a href=\"https:\/\/towels.cc\/es\/yoga-towel\/\">toalla de yoga<\/a> es necesario e importante para nosotros.<\/p>\n<p>Towelscc es un profesional \u00a0<a href=\"https:\/\/towels.cc\/es\/yoga-towel\/\">Toallas de yoga al por mayor y fabricante<\/a> Con m\u00e1s de 12 a\u00f1os en China, aceptamos soluciones personalizadas y de dise\u00f1o de toallas de yoga para pedidos OEM y ODM.<\/p>","protected":false},"excerpt":{"rendered":"<p><strong>Material:<\/strong> Microfibra de gofre<br \/>\n<strong>T\u00e9cnico:<\/strong> Logotipo tejido, plano y con impresi\u00f3n digital<br \/>\n<strong>Espesor:<\/strong> 360 GSM<br \/>\n<strong>Composici\u00f3n:<\/strong> 80% poli\u00e9ster + 20% poliamida<br \/>\n<strong>Tama\u00f1o de la toalla:<\/strong> 24\u00d768 pulgadas<br \/>\n<strong>Ventaja:<\/strong> Sin pelusa, suave y c\u00f3modo, no se decolora, patr\u00f3n \u00fanico lavable a m\u00e1quina.<br \/>\n<strong>\u00bfQue lugar puedes utilizar?<\/strong><br \/>\nGolf, deporte, yoga, ba\u00f1o, nataci\u00f3n, escalada de monta\u00f1a, limpieza en el gimnasio, secado corporal para fitness, regalo promocional<\/p>","protected":false},"featured_media":11264,"template":"","meta":{"_seopress_robots_primary_cat":"none","_seopress_titles_title":"","_seopress_titles_desc":"","_seopress_robots_index":""},"product_brand":[],"product_cat":[34,59,50],"product_tag":[],"class_list":{"0":"post-11262","1":"product","2":"type-product","3":"status-publish","4":"has-post-thumbnail","6":"product_cat-microfiber-towel","7":"product_cat-women-towel","8":"product_cat-yoga-towel","10":"first","11":"instock","12":"shipping-taxable","13":"product-type-simple"},"_links":{"self":[{"href":"https:\/\/towels.cc\/es\/wp-json\/wp\/v2\/product\/11262","targetHints":{"allow":["GET"]}}],"collection":[{"href":"https:\/\/towels.cc\/es\/wp-json\/wp\/v2\/product"}],"about":[{"href":"https:\/\/towels.cc\/es\/wp-json\/wp\/v2\/types\/product"}],"wp:featuredmedia":[{"embeddable":true,"href":"https:\/\/towels.cc\/es\/wp-json\/wp\/v2\/media\/11264"}],"wp:attachment":[{"href":"https:\/\/towels.cc\/es\/wp-json\/wp\/v2\/media?parent=11262"}],"wp:term":[{"taxonomy":"product_brand","embeddable":true,"href":"https:\/\/towels.cc\/es\/wp-json\/wp\/v2\/product_brand?post=11262"},{"taxonomy":"product_cat","embeddable":true,"href":"https:\/\/towels.cc\/es\/wp-json\/wp\/v2\/product_cat?post=11262"},{"taxonomy":"product_tag","embeddable":true,"href":"https:\/\/towels.cc\/es\/wp-json\/wp\/v2\/product_tag?post=11262"}],"curies":[{"name":"wp","href":"https:\/\/api.w.org\/{rel}","templated":true}]}}