{"id":11256,"date":"2024-03-29T18:02:46","date_gmt":"2024-03-29T18:02:46","guid":{"rendered":"https:\/\/towels.cc\/?post_type=product&#038;p=11256"},"modified":"2024-11-05T15:38:20","modified_gmt":"2024-11-05T15:38:20","slug":"40x80cm-personalized-waffle-microfiber-golf-towel-with-a-loop-for-hanging","status":"publish","type":"product","link":"https:\/\/towels.cc\/es\/producto\/40x80cm-personalized-waffle-microfiber-golf-towel-with-a-loop-for-hanging\/","title":{"rendered":"Toalla de golf de microfibra con dise\u00f1o de gofre personalizado de 40 x 80 cm con lazo"},"content":{"rendered":"<p>Este <a href=\"https:\/\/towels.cc\/es\/golf-towel\/\">toalla de golf de microfibra<\/a> est\u00e1 terminado con tela de punto tipo gofre con textura de 380GSM, sin pelusa, de secado r\u00e1pido, s\u00faper absorbente de agua, antibacteriano y con tecnolog\u00eda de impresi\u00f3n digital de tama\u00f1o peque\u00f1o y tama\u00f1o completo de 40x80 cm.<\/p>\n<p>Nuestro otro popular <a href=\"https:\/\/towels.cc\/es\/golf-towel\/\">toalla de golf<\/a> El tama\u00f1o es 50x100cm tama\u00f1o L, tambi\u00e9n puedes personalizar otro tama\u00f1o y color como desees.<\/p>","protected":false},"excerpt":{"rendered":"<p><strong>Material:<\/strong> Microfibra de gofre<br \/>\n<strong>T\u00e9cnico:<\/strong> Tejido, plano, impresi\u00f3n digital<br \/>\n<strong>Espesor:<\/strong> 380 g\/m\u00b2<br \/>\n<strong>Composici\u00f3n:<\/strong> 80% poli\u00e9ster + 20% poliamida<br \/>\n<strong>Tama\u00f1o de la toalla:<\/strong> 40x80cm<br \/>\n<strong>Ventaja:<\/strong> Sin pelusa, aceptamos pedidos de cantidades BAJAS, secado r\u00e1pido, f\u00e1cil de colgar, suave y c\u00f3modo, no se decolora, patr\u00f3n \u00fanico lavable a m\u00e1quina.<\/p>","protected":false},"featured_media":11257,"template":"","meta":{"_seopress_robots_primary_cat":"none","_seopress_titles_title":"","_seopress_titles_desc":"","_seopress_robots_index":""},"product_brand":[],"product_cat":[61,34],"product_tag":[],"class_list":{"0":"post-11256","1":"product","2":"type-product","3":"status-publish","4":"has-post-thumbnail","6":"product_cat-golf-towel","7":"product_cat-microfiber-towel","9":"first","10":"instock","11":"shipping-taxable","12":"product-type-simple"},"_links":{"self":[{"href":"https:\/\/towels.cc\/es\/wp-json\/wp\/v2\/product\/11256","targetHints":{"allow":["GET"]}}],"collection":[{"href":"https:\/\/towels.cc\/es\/wp-json\/wp\/v2\/product"}],"about":[{"href":"https:\/\/towels.cc\/es\/wp-json\/wp\/v2\/types\/product"}],"wp:featuredmedia":[{"embeddable":true,"href":"https:\/\/towels.cc\/es\/wp-json\/wp\/v2\/media\/11257"}],"wp:attachment":[{"href":"https:\/\/towels.cc\/es\/wp-json\/wp\/v2\/media?parent=11256"}],"wp:term":[{"taxonomy":"product_brand","embeddable":true,"href":"https:\/\/towels.cc\/es\/wp-json\/wp\/v2\/product_brand?post=11256"},{"taxonomy":"product_cat","embeddable":true,"href":"https:\/\/towels.cc\/es\/wp-json\/wp\/v2\/product_cat?post=11256"},{"taxonomy":"product_tag","embeddable":true,"href":"https:\/\/towels.cc\/es\/wp-json\/wp\/v2\/product_tag?post=11256"}],"curies":[{"name":"wp","href":"https:\/\/api.w.org\/{rel}","templated":true}]}}