{"id":11250,"date":"2024-03-29T17:48:27","date_gmt":"2024-03-29T17:48:27","guid":{"rendered":"https:\/\/towels.cc\/?post_type=product&#038;p=11250"},"modified":"2024-11-05T15:38:54","modified_gmt":"2024-11-05T15:38:54","slug":"wholesale-hotel-cotton-towels-with-dobby-pattern","status":"publish","type":"product","link":"https:\/\/towels.cc\/es\/producto\/wholesale-hotel-cotton-towels-with-dobby-pattern\/","title":{"rendered":"Toallas de algod\u00f3n para hotel al por mayor con patr\u00f3n dobby y logotipo bordado"},"content":{"rendered":"<p>El <a href=\"https:\/\/towels.cc\/es\/bath-towel\/\">toallas de ba\u00f1o de algod\u00f3n<\/a> Tama\u00f1o est\u00e1ndar 70x140cm y 75x150cm fabricado por la empresa textil Towelscc en China, que tiene diferentes colores y patrones para elegir a un precio razonable y una calidad de uso duradera.<\/p>","protected":false},"excerpt":{"rendered":"<p><strong>Material:<\/strong> Hilo de algod\u00f3n de rizo de 16 hilos<br \/>\n<strong>T\u00e9cnica:<\/strong> Tejido, plano, logotipo bordado<br \/>\n<strong>Espesor:<\/strong> 600 g\/m\u00b2<br \/>\n<strong>Composici\u00f3n:<\/strong> 100% algod\u00f3n<br \/>\n<strong>Tama\u00f1o de la toalla:<\/strong> 70x140cm, 75x150cm<br \/>\n<strong>Ventaja:<\/strong> Sin pelusa, suave y c\u00f3modo, no se decolora, patr\u00f3n \u00fanico lavable a m\u00e1quina.<br \/>\n<strong>\u00bfQue lugar puedes utilizar?<\/strong><br \/>\nBa\u00f1o, spa, viajes, hotel, regalo promocional<\/p>","protected":false},"featured_media":11252,"template":"","meta":{"_seopress_robots_primary_cat":"none","_seopress_titles_title":"","_seopress_titles_desc":"","_seopress_robots_index":""},"product_brand":[],"product_cat":[55,66,57,59],"product_tag":[],"class_list":{"0":"post-11250","1":"product","2":"type-product","3":"status-publish","4":"has-post-thumbnail","6":"product_cat-cotton-towel","7":"product_cat-hotel-towel","8":"product_cat-mens-towel","9":"product_cat-women-towel","11":"first","12":"instock","13":"shipping-taxable","14":"product-type-simple"},"_links":{"self":[{"href":"https:\/\/towels.cc\/es\/wp-json\/wp\/v2\/product\/11250","targetHints":{"allow":["GET"]}}],"collection":[{"href":"https:\/\/towels.cc\/es\/wp-json\/wp\/v2\/product"}],"about":[{"href":"https:\/\/towels.cc\/es\/wp-json\/wp\/v2\/types\/product"}],"wp:featuredmedia":[{"embeddable":true,"href":"https:\/\/towels.cc\/es\/wp-json\/wp\/v2\/media\/11252"}],"wp:attachment":[{"href":"https:\/\/towels.cc\/es\/wp-json\/wp\/v2\/media?parent=11250"}],"wp:term":[{"taxonomy":"product_brand","embeddable":true,"href":"https:\/\/towels.cc\/es\/wp-json\/wp\/v2\/product_brand?post=11250"},{"taxonomy":"product_cat","embeddable":true,"href":"https:\/\/towels.cc\/es\/wp-json\/wp\/v2\/product_cat?post=11250"},{"taxonomy":"product_tag","embeddable":true,"href":"https:\/\/towels.cc\/es\/wp-json\/wp\/v2\/product_tag?post=11250"}],"curies":[{"name":"wp","href":"https:\/\/api.w.org\/{rel}","templated":true}]}}