{"id":10998,"date":"2024-03-28T05:43:50","date_gmt":"2024-03-28T05:43:50","guid":{"rendered":"https:\/\/towels.cc\/?post_type=product&#038;p=10998"},"modified":"2024-11-05T15:39:53","modified_gmt":"2024-11-05T15:39:53","slug":"10998","status":"publish","type":"product","link":"https:\/\/towels.cc\/es\/producto\/10998\/","title":{"rendered":"Venta al por mayor de toallas de spa de algod\u00f3n negro antiblanqueo profesionales"},"content":{"rendered":"<p>Somos profesionales en la producci\u00f3n de algod\u00f3n negro.<a href=\"https:\/\/towels.cc\/es\/spa-towel\/\"> proveedor de envolturas de toallas de spa<\/a> Para muchas tiendas de corte de cabello y tiendas a precios mayoristas baratos y de buena calidad, tambi\u00e9n aceptamos pedidos peque\u00f1os.<\/p>","protected":false},"excerpt":{"rendered":"<p><strong>Material:<\/strong> 100% ALGOD\u00d3N<br \/>\n<strong>T\u00e9cnica:<\/strong> Tejido plano, te\u00f1ido<br \/>\n<strong>Espesor:<\/strong> 400 g\/m\u00b2<br \/>\n<strong>Composici\u00f3n:<\/strong> Bucle de rizo de algod\u00f3n 100%<br \/>\n<strong>Tama\u00f1o de la toalla:<\/strong> 16\u2033 x 27\u2033<br \/>\n<strong>Ventaja:<\/strong> Sin pelusa, antiblanqueador, suave y c\u00f3modo, no se decolora, patr\u00f3n \u00fanico lavable a m\u00e1quina.<br \/>\n<strong>\u00bfQue lugar puedes utilizar?<\/strong><br \/>\nBa\u00f1o, spa, corte de pelo, sal\u00f3n, exteriores, hotel, en casa, desmaquillaje, lavado de cara, regalo promocional<\/p>","protected":false},"featured_media":11000,"template":"","meta":{"_seopress_robots_primary_cat":"none","_seopress_titles_title":"","_seopress_titles_desc":"","_seopress_robots_index":""},"product_brand":[],"product_cat":[55,54,65],"product_tag":[],"class_list":{"0":"post-10998","1":"product","2":"type-product","3":"status-publish","4":"has-post-thumbnail","6":"product_cat-cotton-towel","7":"product_cat-hair-towel","8":"product_cat-spa-towel","10":"first","11":"instock","12":"shipping-taxable","13":"product-type-simple"},"_links":{"self":[{"href":"https:\/\/towels.cc\/es\/wp-json\/wp\/v2\/product\/10998","targetHints":{"allow":["GET"]}}],"collection":[{"href":"https:\/\/towels.cc\/es\/wp-json\/wp\/v2\/product"}],"about":[{"href":"https:\/\/towels.cc\/es\/wp-json\/wp\/v2\/types\/product"}],"wp:featuredmedia":[{"embeddable":true,"href":"https:\/\/towels.cc\/es\/wp-json\/wp\/v2\/media\/11000"}],"wp:attachment":[{"href":"https:\/\/towels.cc\/es\/wp-json\/wp\/v2\/media?parent=10998"}],"wp:term":[{"taxonomy":"product_brand","embeddable":true,"href":"https:\/\/towels.cc\/es\/wp-json\/wp\/v2\/product_brand?post=10998"},{"taxonomy":"product_cat","embeddable":true,"href":"https:\/\/towels.cc\/es\/wp-json\/wp\/v2\/product_cat?post=10998"},{"taxonomy":"product_tag","embeddable":true,"href":"https:\/\/towels.cc\/es\/wp-json\/wp\/v2\/product_tag?post=10998"}],"curies":[{"name":"wp","href":"https:\/\/api.w.org\/{rel}","templated":true}]}}