{"id":10993,"date":"2024-03-28T05:39:17","date_gmt":"2024-03-28T05:39:17","guid":{"rendered":"https:\/\/towels.cc\/?post_type=product&#038;p=10993"},"modified":"2024-03-28T05:41:53","modified_gmt":"2024-03-28T05:41:53","slug":"plain-weaving-16s-twist-plant-dyed-cotton-workout-towels","status":"publish","type":"product","link":"https:\/\/towels.cc\/es\/producto\/plain-weaving-16s-twist-plant-dyed-cotton-workout-towels\/","title":{"rendered":"Toallas de entrenamiento de algod\u00f3n te\u00f1ido con plantas y tejido liso de 16 s"},"content":{"rendered":"<p>Las toallas de entrenamiento est\u00e1n fabricadas por una f\u00e1brica de toallas de gimnasio profesional, con hilo de algod\u00f3n trenzado 16S de alta calidad, un bonito logotipo bordado para la marca, un bolsillo plegado para guardar los auriculares y las llaves cuando corres o trotas al aire libre o dentro del gimnasio. Nuestra empresa ofrece desarrollo de muestras gratuito y servicio al cliente personalizado para pedidos de toallas personalizadas.<\/p>","protected":false},"excerpt":{"rendered":"<p><strong>Material:<\/strong> 100% Algod\u00f3n egipcio<br \/>\n<strong>T\u00e9cnica:<\/strong> Tejido, plano, logotipo bordado<br \/>\n<strong>Espesor:<\/strong> 550 g\/m\u00b2<br \/>\n<strong>Composici\u00f3n:<\/strong> Hilo de algod\u00f3n trenzado 100% 16S<br \/>\n<strong>Tama\u00f1o de la toalla:<\/strong>30\u00d7110 cm<br \/>\n<strong>Ventaja:<\/strong> Sin pelusa, te\u00f1ido vegetal, no da\u00f1a la piel, absorbe el agua, suave y c\u00f3modo, no se decolora, un bolsillo para guardar cosas peque\u00f1as.<br \/>\n<strong>\u00bfQue lugar puedes utilizar?<\/strong><br \/>\nToalla de entrenamiento, deporte, escalada de monta\u00f1a, gimnasio, fitness, correr al aire libre, trotar, regalo promocional<\/p>","protected":false},"featured_media":10996,"template":"","meta":{"_seopress_robots_primary_cat":"","_seopress_titles_title":"","_seopress_titles_desc":"","_seopress_robots_index":""},"product_brand":[],"product_cat":[55,49],"product_tag":[],"class_list":{"0":"post-10993","1":"product","2":"type-product","3":"status-publish","4":"has-post-thumbnail","6":"product_cat-cotton-towel","7":"product_cat-gym-towel","9":"first","10":"instock","11":"shipping-taxable","12":"product-type-simple"},"_links":{"self":[{"href":"https:\/\/towels.cc\/es\/wp-json\/wp\/v2\/product\/10993","targetHints":{"allow":["GET"]}}],"collection":[{"href":"https:\/\/towels.cc\/es\/wp-json\/wp\/v2\/product"}],"about":[{"href":"https:\/\/towels.cc\/es\/wp-json\/wp\/v2\/types\/product"}],"wp:featuredmedia":[{"embeddable":true,"href":"https:\/\/towels.cc\/es\/wp-json\/wp\/v2\/media\/10996"}],"wp:attachment":[{"href":"https:\/\/towels.cc\/es\/wp-json\/wp\/v2\/media?parent=10993"}],"wp:term":[{"taxonomy":"product_brand","embeddable":true,"href":"https:\/\/towels.cc\/es\/wp-json\/wp\/v2\/product_brand?post=10993"},{"taxonomy":"product_cat","embeddable":true,"href":"https:\/\/towels.cc\/es\/wp-json\/wp\/v2\/product_cat?post=10993"},{"taxonomy":"product_tag","embeddable":true,"href":"https:\/\/towels.cc\/es\/wp-json\/wp\/v2\/product_tag?post=10993"}],"curies":[{"name":"wp","href":"https:\/\/api.w.org\/{rel}","templated":true}]}}