{"id":12855,"date":"2024-04-20T13:25:48","date_gmt":"2024-04-20T13:25:48","guid":{"rendered":"https:\/\/towels.cc\/?post_type=product&#038;p=12855"},"modified":"2024-11-05T15:27:54","modified_gmt":"2024-11-05T15:27:54","slug":"16-s-twist-cotton-yarn-bath-towel-with-dobby-fitness-towel-with-germ-shield-2","status":"publish","type":"product","link":"https:\/\/towels.cc\/de\/produkt\/16-s-twist-cotton-yarn-bath-towel-with-dobby-fitness-towel-with-germ-shield-2\/","title":{"rendered":"Badetuch aus 16-s-Zwirn-Baumwollgarn mit Dobby-Fitnesstuch mit Keimschutz\u00a0"},"content":{"rendered":"<p>Unser Fitness <a href=\"https:\/\/towels.cc\/de\/\">Handtuch<\/a> mit Keimschutzfunktion, mit hochwertigem 16-Sekunden-Baumwollgarn veredelt, 600 g\/m\u00b2 dickes Gewebe, elegantes und klares Bobby-Muster.<\/p>\n<p>L\u00e4ngere Frotteeschlaufe als normale 21er und 32er <a href=\"https:\/\/towels.cc\/de\/cotton-towel\/\">Baumwollgarn<\/a>, Sie sp\u00fcren, dass die Textur weicher und angenehmer ist.<\/p>\n<p>Wir k\u00f6nnen jede Farbe und Gr\u00f6\u00dfe des Fitnesshandtuchs mit Anti-Material-Funktion f\u00fcr Sie anpassen!<\/p>","protected":false},"excerpt":{"rendered":"<p><strong>Material:\u00a0<\/strong> 16S-Zwirn-Baumwollgarn<br \/>\n<strong>Technisch:<\/strong> Gewebt, Flach, Dobby<br \/>\n<strong>Dicke:<\/strong> 600GSM<br \/>\n<strong>Zusammensetzung:<\/strong> 100% Baumwolle<br \/>\n<strong>Handtuchgr\u00f6\u00dfe:<\/strong> 40x90cm<br \/>\n<strong>Vorteil:<\/strong> Fusselfrei, weich und bequem, verblasst nicht, einzigartiges Muster, maschinenwaschbar,<br \/>\n<strong>Welchen Ort k\u00f6nnen Sie nutzen?<\/strong><br \/>\nGolfen, Sport, Spa, Zuhause, Reisen, Bergsteigen, Fitnessstudio-Abwischen, Fitness-Trockenk\u00f6rper, Werbegeschenk<br \/>\n<strong>Optionen anpassen:<\/strong><br \/>\n<strong>Logo:<\/strong> gesticktes Logo<br \/>\n<strong>Paket:<\/strong> Geschenkbox \/ OPP Polybeutel<\/p>","protected":false},"featured_media":12846,"template":"","meta":{"_seopress_robots_primary_cat":"none","_seopress_titles_title":"","_seopress_titles_desc":"","_seopress_robots_index":""},"product_brand":[],"product_cat":[31,37,49],"product_tag":[],"class_list":{"0":"post-12855","1":"product","2":"type-product","3":"status-publish","4":"has-post-thumbnail","6":"product_cat-all-towels","7":"product_cat-bath-towel","8":"product_cat-gym-towel","10":"first","11":"instock","12":"shipping-taxable","13":"product-type-simple"},"_links":{"self":[{"href":"https:\/\/towels.cc\/de\/wp-json\/wp\/v2\/product\/12855","targetHints":{"allow":["GET"]}}],"collection":[{"href":"https:\/\/towels.cc\/de\/wp-json\/wp\/v2\/product"}],"about":[{"href":"https:\/\/towels.cc\/de\/wp-json\/wp\/v2\/types\/product"}],"wp:featuredmedia":[{"embeddable":true,"href":"https:\/\/towels.cc\/de\/wp-json\/wp\/v2\/media\/12846"}],"wp:attachment":[{"href":"https:\/\/towels.cc\/de\/wp-json\/wp\/v2\/media?parent=12855"}],"wp:term":[{"taxonomy":"product_brand","embeddable":true,"href":"https:\/\/towels.cc\/de\/wp-json\/wp\/v2\/product_brand?post=12855"},{"taxonomy":"product_cat","embeddable":true,"href":"https:\/\/towels.cc\/de\/wp-json\/wp\/v2\/product_cat?post=12855"},{"taxonomy":"product_tag","embeddable":true,"href":"https:\/\/towels.cc\/de\/wp-json\/wp\/v2\/product_tag?post=12855"}],"curies":[{"name":"wp","href":"https:\/\/api.w.org\/{rel}","templated":true}]}}