{"id":12841,"date":"2024-04-20T13:22:09","date_gmt":"2024-04-20T13:22:09","guid":{"rendered":"https:\/\/towels.cc\/?post_type=product&#038;p=12841"},"modified":"2024-11-05T15:29:01","modified_gmt":"2024-11-05T15:29:01","slug":"plain-weaving-16s-twist-plant-dyed-cotton-workout-towels-2","status":"publish","type":"product","link":"https:\/\/towels.cc\/de\/produkt\/plain-weaving-16s-twist-plant-dyed-cotton-workout-towels-2\/","title":{"rendered":"Trainingshandt\u00fccher aus pflanzengef\u00e4rbter Baumwolle mit 16er-Zwirn in Leinwandbindung"},"content":{"rendered":"<p>Die Trainingshandt\u00fccher werden hergestellt von <a href=\"https:\/\/towels.cc\/de\/gym-towel\/\">professionelle Turnhandtuchfabrik<\/a>, aus hochwertigem 16S-Zwirn-Baumwollgarn, sch\u00f6nes aufgesticktes Markenlogo, gefaltete Tasche f\u00fcr Kopfh\u00f6rer und Schl\u00fcssel beim Laufen oder Joggen im Freien oder im Fitnessstudio.<\/p>\n<p>Unser Unternehmen bietet kostenlose Musterentwicklung und individuellen Kundenservice f\u00fcr <a href=\"https:\/\/towels.cc\/de\/\">personalisiertes Handtuch<\/a> Bestellungen.<\/p>","protected":false},"excerpt":{"rendered":"<p><strong>Material:<\/strong> 100% \u00c4gyptische Baumwolle<br \/>\n<strong>Technik:<\/strong> Gewebtes, flaches, gesticktes Logo<br \/>\n<strong>Dicke:<\/strong> 550GSM<br \/>\n<strong>Zusammensetzung:<\/strong> 100% 16S-Zwirn-Baumwollgarn<br \/>\n<strong>Handtuchgr\u00f6\u00dfe:<\/strong>30\u00d7110 cm<br \/>\n<strong>Vorteil:<\/strong> Fusselfrei, mit Pflanzen gef\u00e4rbt, nicht sch\u00e4dlich f\u00fcr die Haut, wasserabsorbierend, weich und bequem, verblasst nicht, eine Tasche zum Aufbewahren kleiner Dinge.<br \/>\n<strong>Welchen Ort k\u00f6nnen Sie nutzen?<\/strong><br \/>\nTrainingshandtuch, Sport, Bergsteigen, Fitnessstudio, Fitness, Laufen im Freien, Joggen, Werbegeschenk<br \/>\n<strong>Optionen anpassen:<\/strong><br \/>\nLogo: Siebdruck \/ Sticklogo<br \/>\nPaket: Geschenkbox \/ opp Polybeutel<br \/>\nWenn Sie Handt\u00fccher in anderen Farben f\u00e4rben und Ihr eigenes Design erstellen m\u00f6chten, kontaktieren Sie uns bitte. Wir bieten Ihnen professionelle L\u00f6sungen zur Auswahl!<\/p>","protected":false},"featured_media":12842,"template":"","meta":{"_seopress_robots_primary_cat":"none","_seopress_titles_title":"","_seopress_titles_desc":"","_seopress_robots_index":""},"product_brand":[],"product_cat":[31],"product_tag":[],"class_list":{"0":"post-12841","1":"product","2":"type-product","3":"status-publish","4":"has-post-thumbnail","6":"product_cat-all-towels","8":"first","9":"instock","10":"shipping-taxable","11":"product-type-simple"},"_links":{"self":[{"href":"https:\/\/towels.cc\/de\/wp-json\/wp\/v2\/product\/12841","targetHints":{"allow":["GET"]}}],"collection":[{"href":"https:\/\/towels.cc\/de\/wp-json\/wp\/v2\/product"}],"about":[{"href":"https:\/\/towels.cc\/de\/wp-json\/wp\/v2\/types\/product"}],"wp:featuredmedia":[{"embeddable":true,"href":"https:\/\/towels.cc\/de\/wp-json\/wp\/v2\/media\/12842"}],"wp:attachment":[{"href":"https:\/\/towels.cc\/de\/wp-json\/wp\/v2\/media?parent=12841"}],"wp:term":[{"taxonomy":"product_brand","embeddable":true,"href":"https:\/\/towels.cc\/de\/wp-json\/wp\/v2\/product_brand?post=12841"},{"taxonomy":"product_cat","embeddable":true,"href":"https:\/\/towels.cc\/de\/wp-json\/wp\/v2\/product_cat?post=12841"},{"taxonomy":"product_tag","embeddable":true,"href":"https:\/\/towels.cc\/de\/wp-json\/wp\/v2\/product_tag?post=12841"}],"curies":[{"name":"wp","href":"https:\/\/api.w.org\/{rel}","templated":true}]}}