{"id":12821,"date":"2024-04-19T13:28:44","date_gmt":"2024-04-19T13:28:44","guid":{"rendered":"https:\/\/towels.cc\/?post_type=product&#038;p=12821"},"modified":"2024-11-05T16:04:21","modified_gmt":"2024-11-05T16:04:21","slug":"personalized-cotton-sport-towel-embroidered-logo-cotton-towel","status":"publish","type":"product","link":"https:\/\/towels.cc\/de\/produkt\/personalized-cotton-sport-towel-embroidered-logo-cotton-towel\/","title":{"rendered":"Personalisiertes Baumwoll-Sporthandtuch Baumwollhandtuch mit aufgesticktem Logo"},"content":{"rendered":"<p>Towelscc ist einer der <a href=\"https:\/\/towels.cc\/de\/cotton-towel\/\">Lieferanten von Baumwollhandt\u00fcchern in China<\/a>.<\/p>\n<p>Diese personalisierte Baumwolle <a href=\"https:\/\/towels.cc\/de\/custom-rally-towel\/\">Sporthandtuch<\/a> ist ein gesticktes JD-Logo in der Gr\u00f6\u00dfe 30 x 100 cm und einer Dicke von 500 g\/m\u00b2 in der Farbe Grau.<\/p>\n<p>Sporthandt\u00fccher aus Baumwollfrottee sind in Amerika und einigen europ\u00e4ischen L\u00e4ndern beliebt, weil sie bequem und weich sind, Wasser gut aufnehmen und unsere Haut bei Kontakt mit Wasser schnell reinigen.<\/p>\n<p>1. Towelcc verwendet hochwertige Langstapel- und Feinstapelbaumwolle als Hauptmaterialien mit langen Fasern und guter Qualit\u00e4t. Wir verwenden keine billigen und leicht fusselnden Grobstapelbaumwollmaterialien, um die Qualit\u00e4t zu gew\u00e4hrleisten.<\/p>\n<p>2. Towelcc verwendet Garne mit h\u00f6herer Fadenst\u00e4rke, damit sich die Handt\u00fccher zarter anf\u00fchlen.<\/p>\n<p>3. Towelcc w\u00e4hlt die beste Zwirnung, um zu steife oder zu lockere Handt\u00fccher zu vermeiden. Wir stellen beispielsweise keine Handt\u00fccher mit schwacher Zwirnung her, die zwar weich, aber von durchschnittlicher Qualit\u00e4t sind.<\/p>\n<p>4. Wir wenden je nach Kundenwunsch unterschiedliche Textilverfahren an. Dar\u00fcber hinaus verwenden wir hochwertige Jacquard- und Samtschnittverfahren mit feiner Handwerkskunst.<\/p>\n<p>5. Die Handt\u00fccher, die wir f\u00fcr Sie individuell gestalten, werden mit Logos oder Gruppen bedruckt. Der Druck- und F\u00e4rbeprozess von Towelcc weist nicht nur eine hohe Farbechtheit auf, sondern schadet auch den Baumwollfasern kaum, und die fertigen Produkte sind farbenfroh.<\/p>\n<p>6. Wenn Sie Musterstickdienste ben\u00f6tigen, verf\u00fcgen die Mitarbeiter von Towelcc \u00fcber sehr feine Stickkunst mit sauberen Stichen, klaren Mustern, glatten Kanten und sehr sch\u00f6ner Optik.<\/p>","protected":false},"excerpt":{"rendered":"<p><strong>Material:<\/strong> Baumwollfrottee 21S\/2<br \/>\n<strong>Technik:<\/strong> Gewebt, flach, gesticktes Logo<br \/>\n<strong>Dicke:<\/strong> 450GSM<br \/>\n<strong>Zusammensetzung:<\/strong> 100% Baumwolle<br \/>\n<strong>Handtuchgr\u00f6\u00dfe:<\/strong> 30x100cm<br \/>\n<strong>Vorteil:<\/strong> Fusselfrei, weich und bequem, verblasst nicht, einzigartiges Muster, maschinenwaschbar,<br \/>\n<strong>Welchen Ort k\u00f6nnen Sie nutzen?<\/strong><br \/>\nGolfen, Sport, Reisen, Bergsteigen, Fitnessstudio, Fitness-Trockenk\u00f6rper, Werbegeschenk<br \/>\n<strong>Optionen anpassen:<\/strong><br \/>\nLogo: Sticklogo<br \/>\nPaket: Geschenkbox \/ opp Polybeutel<\/p>","protected":false},"featured_media":0,"template":"","meta":{"_seopress_robots_primary_cat":"none","_seopress_titles_title":"","_seopress_titles_desc":"","_seopress_robots_index":""},"product_brand":[],"product_cat":[55,49],"product_tag":[],"class_list":{"0":"post-12821","1":"product","2":"type-product","3":"status-publish","5":"product_cat-cotton-towel","6":"product_cat-gym-towel","8":"first","9":"instock","10":"shipping-taxable","11":"product-type-simple"},"_links":{"self":[{"href":"https:\/\/towels.cc\/de\/wp-json\/wp\/v2\/product\/12821","targetHints":{"allow":["GET"]}}],"collection":[{"href":"https:\/\/towels.cc\/de\/wp-json\/wp\/v2\/product"}],"about":[{"href":"https:\/\/towels.cc\/de\/wp-json\/wp\/v2\/types\/product"}],"wp:attachment":[{"href":"https:\/\/towels.cc\/de\/wp-json\/wp\/v2\/media?parent=12821"}],"wp:term":[{"taxonomy":"product_brand","embeddable":true,"href":"https:\/\/towels.cc\/de\/wp-json\/wp\/v2\/product_brand?post=12821"},{"taxonomy":"product_cat","embeddable":true,"href":"https:\/\/towels.cc\/de\/wp-json\/wp\/v2\/product_cat?post=12821"},{"taxonomy":"product_tag","embeddable":true,"href":"https:\/\/towels.cc\/de\/wp-json\/wp\/v2\/product_tag?post=12821"}],"curies":[{"name":"wp","href":"https:\/\/api.w.org\/{rel}","templated":true}]}}