{"id":12796,"date":"2024-04-19T13:09:58","date_gmt":"2024-04-19T13:09:58","guid":{"rendered":"https:\/\/towels.cc\/?post_type=product&#038;p=12796"},"modified":"2024-11-05T15:32:07","modified_gmt":"2024-11-05T15:32:07","slug":"custom-printed-microfiber-water-absorbent-promotional-gym-towel-for-fedex","status":"publish","type":"product","link":"https:\/\/towels.cc\/de\/produkt\/custom-printed-microfiber-water-absorbent-promotional-gym-towel-for-fedex\/","title":{"rendered":"Super bequemes, bedrucktes Turnhandtuch aus Velours-Baumwolle"},"content":{"rendered":"<p>Als f\u00fchrender <a href=\"https:\/\/towels.cc\/de\/gym-towel\/\">Hersteller von Sporthandt\u00fcchern aus Baumwolle<\/a> In China streben wir nach hochwertigen Texturen, Strickstoffen und Druckhandwerksarbeiten mit Hochtechnologie.<\/p>\n<p>Alle unsere <a href=\"https:\/\/towels.cc\/de\/cotton-towel\/\">Baumwollhandt\u00fccher<\/a> werden aus Baumwollgarnen der Stufe AAA hergestellt, um Menschen gl\u00fccklich zu machen und ihnen ein sch\u00f6nes Leben zu erm\u00f6glichen.<\/p>","protected":false},"excerpt":{"rendered":"<p><strong>Material:<\/strong> Baumwollfrottee 21S\/2<br \/>\n<strong>Technik:<\/strong> Gewebtes, flaches, reaktives Drucklogo<br \/>\n<strong>Dicke:<\/strong> 400GSM<br \/>\n<strong>Zusammensetzung:<\/strong> 100% Baumwolle<br \/>\n<strong>Handtuchgr\u00f6\u00dfe:<\/strong> 35x75cm<br \/>\n<strong>Vorteil:<\/strong> Fusselfrei, weich und bequem, verblasst nicht, einzigartiges Muster, maschinenwaschbar,<br \/>\n<strong>Welchen Ort k\u00f6nnen Sie nutzen?<\/strong><br \/>\nGolfen, Sport, Reisen, Bergsteigen, Fitnessstudio, Fitness-Trockenk\u00f6rper, Werbegeschenk<br \/>\n<strong>Optionen anpassen:<\/strong><br \/>\nLogo: Sticklogo<br \/>\nPaket: Geschenkbox \/ opp Polybeutel<\/p>","protected":false},"featured_media":12805,"template":"","meta":{"_seopress_robots_primary_cat":"none","_seopress_titles_title":"","_seopress_titles_desc":"","_seopress_robots_index":""},"product_brand":[],"product_cat":[49],"product_tag":[],"class_list":{"0":"post-12796","1":"product","2":"type-product","3":"status-publish","4":"has-post-thumbnail","6":"product_cat-gym-towel","8":"first","9":"instock","10":"shipping-taxable","11":"product-type-simple"},"_links":{"self":[{"href":"https:\/\/towels.cc\/de\/wp-json\/wp\/v2\/product\/12796","targetHints":{"allow":["GET"]}}],"collection":[{"href":"https:\/\/towels.cc\/de\/wp-json\/wp\/v2\/product"}],"about":[{"href":"https:\/\/towels.cc\/de\/wp-json\/wp\/v2\/types\/product"}],"wp:featuredmedia":[{"embeddable":true,"href":"https:\/\/towels.cc\/de\/wp-json\/wp\/v2\/media\/12805"}],"wp:attachment":[{"href":"https:\/\/towels.cc\/de\/wp-json\/wp\/v2\/media?parent=12796"}],"wp:term":[{"taxonomy":"product_brand","embeddable":true,"href":"https:\/\/towels.cc\/de\/wp-json\/wp\/v2\/product_brand?post=12796"},{"taxonomy":"product_cat","embeddable":true,"href":"https:\/\/towels.cc\/de\/wp-json\/wp\/v2\/product_cat?post=12796"},{"taxonomy":"product_tag","embeddable":true,"href":"https:\/\/towels.cc\/de\/wp-json\/wp\/v2\/product_tag?post=12796"}],"curies":[{"name":"wp","href":"https:\/\/api.w.org\/{rel}","templated":true}]}}