{"id":12779,"date":"2024-04-19T13:00:33","date_gmt":"2024-04-19T13:00:33","guid":{"rendered":"https:\/\/towels.cc\/?post_type=product&#038;p=12779"},"modified":"2024-11-05T15:33:17","modified_gmt":"2024-11-05T15:33:17","slug":"custom-woven-logo-label-lint-free-and-anti-baterial-microfiber-gym-towel-with-zipper-2","status":"publish","type":"product","link":"https:\/\/towels.cc\/de\/produkt\/custom-woven-logo-label-lint-free-and-anti-baterial-microfiber-gym-towel-with-zipper-2\/","title":{"rendered":"Individuell gewebtes Logo-Label, fusselfreies und antibakterielles Mikrofaser-Fitnesshandtuch mit Rei\u00dfverschluss 2"},"content":{"rendered":"<p>Wir konzentrieren uns auf\u00a0<a href=\"https:\/\/towels.cc\/de\/gym-towel\/\">Mikrofaser-Sporthandtuch<\/a> mit Rei\u00dfverschluss und Tasche, auf der Vorderseite des Handtuchs ist ein gewebtes Etikett aufgen\u00e4ht, angenehme und weiche Textur auf der Haut, das mit Pflanzen gef\u00e4rbte Handtuch ist sicher f\u00fcr den menschlichen K\u00f6rper, gewebeschonend und trocknet schnell f\u00fcr Fitnessstudio-Fans.<\/p>\n<p>Der Rei\u00dfverschluss kann die Tasche verschlie\u00dfen und es ist sehr praktisch f\u00fcr uns, einige pers\u00f6nliche Dinge darin zu verstauen. Unsere Fabrik hei\u00dft Sie herzlich willkommen <a href=\"https:\/\/towels.cc\/de\/gym-towel\/\">personalisiertes Turnhandtuch<\/a> Bestellen und besuchen Sie uns jederzeit!<\/p>","protected":false},"excerpt":{"rendered":"<p><strong>Material:\u00a0<\/strong> Mikrofaser<br \/>\n<strong>Technik:<\/strong> Gewebtes, flaches, gewebtes Logo-Label<br \/>\n<strong>Dicke:<\/strong> 280GSM<br \/>\n<strong>Zusammensetzung:<\/strong> 100% Polyester<br \/>\n<strong>Handtuchgr\u00f6\u00dfe:<\/strong> 40x80cm, Taschengr\u00f6\u00dfe: 28x28cm<br \/>\n<strong>Vorteil:<\/strong> Fusselfrei, fusselfrei, weich und bequem, verblasst nicht, einzigartiges Muster, maschinenwaschbar.<br \/>\n<strong>Welchen Ort k\u00f6nnen Sie nutzen?<\/strong><br \/>\nGolfen, Sport, Bergsteigen, Fitnessstudio, Laufen, Joggen, Fitness, Werbegeschenk<br \/>\n<strong>Optionen anpassen:<\/strong><br \/>\nLogo: Sublimationsdruck \/ Siebdruck \/ Sticklogo<br \/>\nPaket: Geschenkbox \/ opp Polybeutel<\/p>","protected":false},"featured_media":12780,"template":"","meta":{"_seopress_robots_primary_cat":"none","_seopress_titles_title":"","_seopress_titles_desc":"","_seopress_robots_index":""},"product_brand":[],"product_cat":[49,34],"product_tag":[],"class_list":{"0":"post-12779","1":"product","2":"type-product","3":"status-publish","4":"has-post-thumbnail","6":"product_cat-gym-towel","7":"product_cat-microfiber-towel","9":"first","10":"instock","11":"shipping-taxable","12":"product-type-simple"},"_links":{"self":[{"href":"https:\/\/towels.cc\/de\/wp-json\/wp\/v2\/product\/12779","targetHints":{"allow":["GET"]}}],"collection":[{"href":"https:\/\/towels.cc\/de\/wp-json\/wp\/v2\/product"}],"about":[{"href":"https:\/\/towels.cc\/de\/wp-json\/wp\/v2\/types\/product"}],"wp:featuredmedia":[{"embeddable":true,"href":"https:\/\/towels.cc\/de\/wp-json\/wp\/v2\/media\/12780"}],"wp:attachment":[{"href":"https:\/\/towels.cc\/de\/wp-json\/wp\/v2\/media?parent=12779"}],"wp:term":[{"taxonomy":"product_brand","embeddable":true,"href":"https:\/\/towels.cc\/de\/wp-json\/wp\/v2\/product_brand?post=12779"},{"taxonomy":"product_cat","embeddable":true,"href":"https:\/\/towels.cc\/de\/wp-json\/wp\/v2\/product_cat?post=12779"},{"taxonomy":"product_tag","embeddable":true,"href":"https:\/\/towels.cc\/de\/wp-json\/wp\/v2\/product_tag?post=12779"}],"curies":[{"name":"wp","href":"https:\/\/api.w.org\/{rel}","templated":true}]}}