{"id":12760,"date":"2024-04-19T12:42:39","date_gmt":"2024-04-19T12:42:39","guid":{"rendered":"https:\/\/towels.cc\/?post_type=product&#038;p=12760"},"modified":"2024-11-05T15:34:50","modified_gmt":"2024-11-05T15:34:50","slug":"full-colors-sublimation-printed-microfiber-yoga-towel-china-manufacturer","status":"publish","type":"product","link":"https:\/\/towels.cc\/de\/produkt\/full-colors-sublimation-printed-microfiber-yoga-towel-china-manufacturer\/","title":{"rendered":"Vollfarbiges, mit Sublimationsdruck bedrucktes Mikrofaser-Yogatuch, China-Hersteller"},"content":{"rendered":"<p><a href=\"https:\/\/towels.cc\/de\/yoga-towel\/\">Yoga-Handtuch China Hersteller<\/a> mit <a href=\"https:\/\/towels.cc\/de\/microfiber-towel\/\">hochwertige Mikrofaser<\/a>, Spitzentechnologie und Handwerkskunst, Weben von Polyester und Nylon, wettbewerbsf\u00e4higer Gro\u00dfhandelspreis und einj\u00e4hrige Garantie.<\/p>\n<p>Wir liefern Yogahandt\u00fccher f\u00fcr einige Amazon-Verkaufsschlager!<\/p>","protected":false},"excerpt":{"rendered":"<p><strong>Material:<\/strong> Frottee-Mikrofaser<br \/>\n<strong>Technisch:<\/strong> Gewebtes, flaches Logo mit Sublimationsdruck<br \/>\n<strong>Dicke:<\/strong> 300GSM<br \/>\n<strong>Zusammensetzung:<\/strong> 80% Polyester + 20% Polyamid<br \/>\n<strong>Handtuchgr\u00f6\u00dfe:<\/strong> 183x61cm<br \/>\n<strong>Vorteil:<\/strong> Fusselfrei, extra lang, schnelltrocknend, weich und bequem, verblasst nicht, einzigartiges Muster, maschinenwaschbar,<br \/>\n<strong>Welchen Ort k\u00f6nnen Sie nutzen?<\/strong><br \/>\nYoga, Sport, Bergsteigen, Abwischen im Fitnessstudio, Schwimmen, Camping, Baden, am Strand, Fitness-Trockenk\u00f6rper, Werbegeschenk<br \/>\n<strong>Optionen anpassen:<\/strong><br \/>\nLogo: Sublimationsdruck \/ Siebdruck \/ Sticklogo<br \/>\nPaket: Geschenkbox \/ opp Polybeutel<\/p>","protected":false},"featured_media":12761,"template":"","meta":{"_seopress_robots_primary_cat":"none","_seopress_titles_title":"","_seopress_titles_desc":"","_seopress_robots_index":""},"product_brand":[],"product_cat":[50],"product_tag":[],"class_list":{"0":"post-12760","1":"product","2":"type-product","3":"status-publish","4":"has-post-thumbnail","6":"product_cat-yoga-towel","8":"first","9":"instock","10":"shipping-taxable","11":"product-type-simple"},"_links":{"self":[{"href":"https:\/\/towels.cc\/de\/wp-json\/wp\/v2\/product\/12760","targetHints":{"allow":["GET"]}}],"collection":[{"href":"https:\/\/towels.cc\/de\/wp-json\/wp\/v2\/product"}],"about":[{"href":"https:\/\/towels.cc\/de\/wp-json\/wp\/v2\/types\/product"}],"wp:featuredmedia":[{"embeddable":true,"href":"https:\/\/towels.cc\/de\/wp-json\/wp\/v2\/media\/12761"}],"wp:attachment":[{"href":"https:\/\/towels.cc\/de\/wp-json\/wp\/v2\/media?parent=12760"}],"wp:term":[{"taxonomy":"product_brand","embeddable":true,"href":"https:\/\/towels.cc\/de\/wp-json\/wp\/v2\/product_brand?post=12760"},{"taxonomy":"product_cat","embeddable":true,"href":"https:\/\/towels.cc\/de\/wp-json\/wp\/v2\/product_cat?post=12760"},{"taxonomy":"product_tag","embeddable":true,"href":"https:\/\/towels.cc\/de\/wp-json\/wp\/v2\/product_tag?post=12760"}],"curies":[{"name":"wp","href":"https:\/\/api.w.org\/{rel}","templated":true}]}}