{"id":12749,"date":"2024-04-19T12:35:25","date_gmt":"2024-04-19T12:35:25","guid":{"rendered":"https:\/\/towels.cc\/?post_type=product&#038;p=12749"},"modified":"2024-11-05T15:35:11","modified_gmt":"2024-11-05T15:35:11","slug":"customize-waffle-printed-yoga-towel-with-loop-for-hang-out","status":"publish","type":"product","link":"https:\/\/towels.cc\/de\/produkt\/customize-waffle-printed-yoga-towel-with-loop-for-hang-out\/","title":{"rendered":"Personalisieren Sie Ihr Yogahandtuch mit Waffelmuster und Schlaufe zum Abh\u00e4ngen"},"content":{"rendered":"<p>Wir sind gut in <a href=\"https:\/\/towels.cc\/de\/microfiber-towel\/\">Individuelles Yoga-Handtuch aus Mikrofaser mit Waffelmuster<\/a> aus Polyester- und Nylonmaterial, ein schwarzer Stoffhaken zum Aufh\u00e4ngen nach dem Yoga-Unterricht, trocknet sehr schnell, ist mit Pflanzenfarben gef\u00e4rbt und durch Sublimation bedruckt und somit unsch\u00e4dlich f\u00fcr die menschliche Haut.<\/p>","protected":false},"excerpt":{"rendered":"<p><strong>Material:<\/strong> Waffel-Mikrofaser<br \/>\n<strong>Technisch:<\/strong> Gewebtes, flaches Logo mit Sublimationsdruck<br \/>\n<strong>Dicke:<\/strong> 360GSM<br \/>\n<strong>Zusammensetzung:<\/strong> 80% Polyester+20%Polyamid<br \/>\n<strong>Handtuchgr\u00f6\u00dfe:<\/strong> 24\u00d772 Zoll<br \/>\n<strong>Vorteil:<\/strong> x Fusselfrei, beidseitig bedruckt, rutschfest, weich und bequem, verblasst nicht, einzigartiges Muster, maschinenwaschbar<\/p>","protected":false},"featured_media":12753,"template":"","meta":{"_seopress_robots_primary_cat":"none","_seopress_titles_title":"","_seopress_titles_desc":"","_seopress_robots_index":""},"product_brand":[],"product_cat":[31,50],"product_tag":[],"class_list":{"0":"post-12749","1":"product","2":"type-product","3":"status-publish","4":"has-post-thumbnail","6":"product_cat-all-towels","7":"product_cat-yoga-towel","9":"first","10":"instock","11":"shipping-taxable","12":"product-type-simple"},"_links":{"self":[{"href":"https:\/\/towels.cc\/de\/wp-json\/wp\/v2\/product\/12749","targetHints":{"allow":["GET"]}}],"collection":[{"href":"https:\/\/towels.cc\/de\/wp-json\/wp\/v2\/product"}],"about":[{"href":"https:\/\/towels.cc\/de\/wp-json\/wp\/v2\/types\/product"}],"wp:featuredmedia":[{"embeddable":true,"href":"https:\/\/towels.cc\/de\/wp-json\/wp\/v2\/media\/12753"}],"wp:attachment":[{"href":"https:\/\/towels.cc\/de\/wp-json\/wp\/v2\/media?parent=12749"}],"wp:term":[{"taxonomy":"product_brand","embeddable":true,"href":"https:\/\/towels.cc\/de\/wp-json\/wp\/v2\/product_brand?post=12749"},{"taxonomy":"product_cat","embeddable":true,"href":"https:\/\/towels.cc\/de\/wp-json\/wp\/v2\/product_cat?post=12749"},{"taxonomy":"product_tag","embeddable":true,"href":"https:\/\/towels.cc\/de\/wp-json\/wp\/v2\/product_tag?post=12749"}],"curies":[{"name":"wp","href":"https:\/\/api.w.org\/{rel}","templated":true}]}}