{"id":12739,"date":"2024-04-19T12:29:51","date_gmt":"2024-04-19T12:29:51","guid":{"rendered":"https:\/\/towels.cc\/?post_type=product&#038;p=12739"},"modified":"2024-11-05T15:35:39","modified_gmt":"2024-11-05T15:35:39","slug":"antibaterial-ants-microfiber-yoga-towels","status":"publish","type":"product","link":"https:\/\/towels.cc\/de\/produkt\/antibaterial-ants-microfiber-yoga-towels\/","title":{"rendered":"Antibakterielle Ameisen Mikrofaser Yoga Handt\u00fccher"},"content":{"rendered":"<p>Wir sind <a href=\"https:\/\/towels.cc\/de\/yoga-towel\/\">Yoga-Handt\u00fccher<\/a> Skinless ist Lieferant und Hersteller von rutschfesten, materialbest\u00e4ndigen, lichtechten und fusselfreien Handt\u00fcchern in Funktionsqualit\u00e4t f\u00fcr Yoga-Sportliebhaber. Seit mehr als 12 Jahren sind Muster zu Wettbewerbspreisen erh\u00e4ltlich.<\/p>","protected":false},"excerpt":{"rendered":"<p><strong>Material:<\/strong> dicke Ameisen-Mikrofaser<br \/>\n<strong>Technisch:<\/strong> Gewebt, Flach, Gestrickt,<br \/>\n<strong>Dicke:<\/strong> 420GSM<br \/>\n<strong>Zusammensetzung:<\/strong> 80% Polyester + 20% Polyamid<br \/>\n<strong>Handtuchgr\u00f6\u00dfe:<\/strong>183x67cm<br \/>\n<strong>Vorteil:<\/strong> Fusselfrei, trocknet schnell, kompakte Gr\u00f6\u00dfe, weich und bequem, verblasst nicht, einzigartiges Muster, maschinenwaschbar.<\/p>","protected":false},"featured_media":12740,"template":"","meta":{"_seopress_robots_primary_cat":"none","_seopress_titles_title":"","_seopress_titles_desc":"","_seopress_robots_index":""},"product_brand":[],"product_cat":[50],"product_tag":[],"class_list":{"0":"post-12739","1":"product","2":"type-product","3":"status-publish","4":"has-post-thumbnail","6":"product_cat-yoga-towel","8":"first","9":"instock","10":"shipping-taxable","11":"product-type-simple"},"_links":{"self":[{"href":"https:\/\/towels.cc\/de\/wp-json\/wp\/v2\/product\/12739","targetHints":{"allow":["GET"]}}],"collection":[{"href":"https:\/\/towels.cc\/de\/wp-json\/wp\/v2\/product"}],"about":[{"href":"https:\/\/towels.cc\/de\/wp-json\/wp\/v2\/types\/product"}],"wp:featuredmedia":[{"embeddable":true,"href":"https:\/\/towels.cc\/de\/wp-json\/wp\/v2\/media\/12740"}],"wp:attachment":[{"href":"https:\/\/towels.cc\/de\/wp-json\/wp\/v2\/media?parent=12739"}],"wp:term":[{"taxonomy":"product_brand","embeddable":true,"href":"https:\/\/towels.cc\/de\/wp-json\/wp\/v2\/product_brand?post=12739"},{"taxonomy":"product_cat","embeddable":true,"href":"https:\/\/towels.cc\/de\/wp-json\/wp\/v2\/product_cat?post=12739"},{"taxonomy":"product_tag","embeddable":true,"href":"https:\/\/towels.cc\/de\/wp-json\/wp\/v2\/product_tag?post=12739"}],"curies":[{"name":"wp","href":"https:\/\/api.w.org\/{rel}","templated":true}]}}