{"id":11281,"date":"2024-03-30T05:30:44","date_gmt":"2024-03-30T05:30:44","guid":{"rendered":"https:\/\/towels.cc\/?post_type=product&#038;p=11281"},"modified":"2024-11-05T15:36:48","modified_gmt":"2024-11-05T15:36:48","slug":"suede-microfiber-beach-towel-with-loop-and-mesh-bag-180x90cm","status":"publish","type":"product","link":"https:\/\/towels.cc\/de\/produkt\/suede-microfiber-beach-towel-with-loop-and-mesh-bag-180x90cm\/","title":{"rendered":"Wildleder Mikrofaser Strandtuch mit Schlaufe und Netztasche 180x90cm"},"content":{"rendered":"<p>200 g\/m\u00b2 Polyester und Polyamid-Wildleder <a href=\"https:\/\/towels.cc\/de\/beach-towel\/\">Mikrofaser-Strandtuch<\/a> mit einer Schlaufe zum Aufh\u00e4ngen, einer Netztasche zum einfachen Tragen und kompakter Gr\u00f6\u00dfe, 180 x 90 cm gro\u00dfe Gr\u00f6\u00dfe \u2013 ein Zauber f\u00fcr schnell trockene und saubere Haut am Strand.<\/p>","protected":false},"excerpt":{"rendered":"<p><strong>Material:<\/strong> Wildleder Mikrofaser<br \/>\n<strong>Technisch:<\/strong> Gewebtes, flaches Logo im Siebdruckverfahren auf der Netztasche<br \/>\n<strong>Dicke:<\/strong> 200GSM<br \/>\n<strong>Zusammensetzung:<\/strong> 80% Polyester+20%Polyamid<br \/>\n<strong>Handtuchgr\u00f6\u00dfe:<\/strong> 180\u00d790 cm<br \/>\n<strong>Vorteil:<\/strong> Fusselfrei, sandabweisend, antibakteriell, wasserfest, weich und bequem, farbecht, einzigartiges Muster, maschinenwaschbar.<br \/>\n<strong>Welchen Ort k\u00f6nnen Sie nutzen?<\/strong><br \/>\nam Strand, beim Sport, beim Bergsteigen, beim Abwischen im Fitnessstudio, beim Fitness-Trockenk\u00f6rper, beim Ausflug, als Werbegeschenk<\/p>","protected":false},"featured_media":11283,"template":"","meta":{"_seopress_robots_primary_cat":"none","_seopress_titles_title":"","_seopress_titles_desc":"","_seopress_robots_index":""},"product_brand":[],"product_cat":[33,34],"product_tag":[],"class_list":{"0":"post-11281","1":"product","2":"type-product","3":"status-publish","4":"has-post-thumbnail","6":"product_cat-beach-towel","7":"product_cat-microfiber-towel","9":"first","10":"instock","11":"shipping-taxable","12":"product-type-simple"},"_links":{"self":[{"href":"https:\/\/towels.cc\/de\/wp-json\/wp\/v2\/product\/11281","targetHints":{"allow":["GET"]}}],"collection":[{"href":"https:\/\/towels.cc\/de\/wp-json\/wp\/v2\/product"}],"about":[{"href":"https:\/\/towels.cc\/de\/wp-json\/wp\/v2\/types\/product"}],"wp:featuredmedia":[{"embeddable":true,"href":"https:\/\/towels.cc\/de\/wp-json\/wp\/v2\/media\/11283"}],"wp:attachment":[{"href":"https:\/\/towels.cc\/de\/wp-json\/wp\/v2\/media?parent=11281"}],"wp:term":[{"taxonomy":"product_brand","embeddable":true,"href":"https:\/\/towels.cc\/de\/wp-json\/wp\/v2\/product_brand?post=11281"},{"taxonomy":"product_cat","embeddable":true,"href":"https:\/\/towels.cc\/de\/wp-json\/wp\/v2\/product_cat?post=11281"},{"taxonomy":"product_tag","embeddable":true,"href":"https:\/\/towels.cc\/de\/wp-json\/wp\/v2\/product_tag?post=11281"}],"curies":[{"name":"wp","href":"https:\/\/api.w.org\/{rel}","templated":true}]}}