{"id":11273,"date":"2024-03-30T05:32:39","date_gmt":"2024-03-30T05:32:39","guid":{"rendered":"https:\/\/towels.cc\/?post_type=product&#038;p=11273"},"modified":"2024-11-05T15:36:28","modified_gmt":"2024-11-05T15:36:28","slug":"waffle-microfiber-beach-towel-design-your-own-pattern-75x150cm","status":"publish","type":"product","link":"https:\/\/towels.cc\/de\/produkt\/waffle-microfiber-beach-towel-design-your-own-pattern-75x150cm\/","title":{"rendered":"Strandtuch aus Waffel-Mikrofaser mit eigenem Muster, 75 x 150 cm"},"content":{"rendered":"<p>360GSM Dicke 75x150cm <a href=\"https:\/\/towels.cc\/de\/beach-towel\/\">Mikrofaser-Strandtuch nach Ma\u00df<\/a> Druck nach Kundenwunsch, fusselfrei, schnelltrocknend, mit schwarzer Stoffschlaufe zum Aufh\u00e4ngen an der Wand.<\/p>\n<p>Wir sind ein <a href=\"https:\/\/towels.cc\/de\/beach-towel\/\">Strandtuchfabrik<\/a> in China und wir k\u00f6nnen Strandt\u00fccher jeder Gr\u00f6\u00dfe und mit jedem Motiv annehmen und herstellen.<\/p>","protected":false},"excerpt":{"rendered":"<p><strong>Material:<\/strong> Waffel-Mikrofaser<br \/>\n<strong>Technisch:<\/strong> Gewebtes, flaches, digital gedrucktes Logo<br \/>\n<strong>Dicke:<\/strong> 360GSM<br \/>\n<strong>Zusammensetzung:<\/strong> 80% Polyester + 20% Polyamid<br \/>\n<strong>Handtuchgr\u00f6\u00dfe:<\/strong> 75x150cm<br \/>\n<strong>Vorteil:<\/strong> Fusselfrei, einfach an die Wand zu h\u00e4ngen, weich und bequem, verblasst nicht, einzigartiges Muster, maschinenwaschbar.<br \/>\n<strong>Welchen Ort k\u00f6nnen Sie nutzen?<\/strong><br \/>\nYoga, Sport, Werbegeschenk, am Strand, Ausflug, Picknick<\/p>","protected":false},"featured_media":11285,"template":"","meta":{"_seopress_robots_primary_cat":"none","_seopress_titles_title":"","_seopress_titles_desc":"","_seopress_robots_index":""},"product_brand":[],"product_cat":[34],"product_tag":[],"class_list":{"0":"post-11273","1":"product","2":"type-product","3":"status-publish","4":"has-post-thumbnail","6":"product_cat-microfiber-towel","8":"first","9":"instock","10":"shipping-taxable","11":"product-type-simple"},"_links":{"self":[{"href":"https:\/\/towels.cc\/de\/wp-json\/wp\/v2\/product\/11273","targetHints":{"allow":["GET"]}}],"collection":[{"href":"https:\/\/towels.cc\/de\/wp-json\/wp\/v2\/product"}],"about":[{"href":"https:\/\/towels.cc\/de\/wp-json\/wp\/v2\/types\/product"}],"wp:featuredmedia":[{"embeddable":true,"href":"https:\/\/towels.cc\/de\/wp-json\/wp\/v2\/media\/11285"}],"wp:attachment":[{"href":"https:\/\/towels.cc\/de\/wp-json\/wp\/v2\/media?parent=11273"}],"wp:term":[{"taxonomy":"product_brand","embeddable":true,"href":"https:\/\/towels.cc\/de\/wp-json\/wp\/v2\/product_brand?post=11273"},{"taxonomy":"product_cat","embeddable":true,"href":"https:\/\/towels.cc\/de\/wp-json\/wp\/v2\/product_cat?post=11273"},{"taxonomy":"product_tag","embeddable":true,"href":"https:\/\/towels.cc\/de\/wp-json\/wp\/v2\/product_tag?post=11273"}],"curies":[{"name":"wp","href":"https:\/\/api.w.org\/{rel}","templated":true}]}}