{"id":11256,"date":"2024-03-29T18:02:46","date_gmt":"2024-03-29T18:02:46","guid":{"rendered":"https:\/\/towels.cc\/?post_type=product&#038;p=11256"},"modified":"2024-11-05T15:38:20","modified_gmt":"2024-11-05T15:38:20","slug":"40x80cm-personalized-waffle-microfiber-golf-towel-with-a-loop-for-hanging","status":"publish","type":"product","link":"https:\/\/towels.cc\/de\/produkt\/40x80cm-personalized-waffle-microfiber-golf-towel-with-a-loop-for-hanging\/","title":{"rendered":"40x80cm personalisiertes Waffel-Mikrofaser-Golfhandtuch mit Schlaufe"},"content":{"rendered":"<p>Das <a href=\"https:\/\/towels.cc\/de\/golf-towel\/\">Golfhandtuch aus Mikrofaser<\/a> ist mit gewebtem, gestricktem Waffelstoff mit 380 g\/m\u00b2-Textur versehen, fusselfrei, schnelltrocknend, super wasserabsorbierend, antibakteriell und mit Digitaldrucktechnologie in den Gr\u00f6\u00dfen 40 x 80 cm und 40 x 80 cm in voller Gr\u00f6\u00dfe erh\u00e4ltlich.<\/p>\n<p>Unser weiteres beliebtes <a href=\"https:\/\/towels.cc\/de\/golf-towel\/\">Golfhandtuch<\/a> Die Gr\u00f6\u00dfe betr\u00e4gt 50 x 100 cm L, Sie k\u00f6nnen auch andere Gr\u00f6\u00dfen und Farben nach Belieben anpassen.<\/p>","protected":false},"excerpt":{"rendered":"<p><strong>Material:<\/strong> Waffel-Mikrofaser<br \/>\n<strong>Technisch:<\/strong> Gewebt, flach, Digitaldruck<br \/>\n<strong>Dicke:<\/strong> 380GSM<br \/>\n<strong>Zusammensetzung:<\/strong> 80% Polyester+20%Polyamid<br \/>\n<strong>Handtuchgr\u00f6\u00dfe:<\/strong> 40x80cm<br \/>\n<strong>Vorteil:<\/strong> Fusselfrei, Bestellungen in kleinen Mengen m\u00f6glich, trocknet schnell, l\u00e4sst sich leicht aufh\u00e4ngen, ist weich und bequem, verblasst nicht, einzigartiges Muster, maschinenwaschbar.<\/p>","protected":false},"featured_media":11257,"template":"","meta":{"_seopress_robots_primary_cat":"none","_seopress_titles_title":"","_seopress_titles_desc":"","_seopress_robots_index":""},"product_brand":[],"product_cat":[61,34],"product_tag":[],"class_list":{"0":"post-11256","1":"product","2":"type-product","3":"status-publish","4":"has-post-thumbnail","6":"product_cat-golf-towel","7":"product_cat-microfiber-towel","9":"first","10":"instock","11":"shipping-taxable","12":"product-type-simple"},"_links":{"self":[{"href":"https:\/\/towels.cc\/de\/wp-json\/wp\/v2\/product\/11256","targetHints":{"allow":["GET"]}}],"collection":[{"href":"https:\/\/towels.cc\/de\/wp-json\/wp\/v2\/product"}],"about":[{"href":"https:\/\/towels.cc\/de\/wp-json\/wp\/v2\/types\/product"}],"wp:featuredmedia":[{"embeddable":true,"href":"https:\/\/towels.cc\/de\/wp-json\/wp\/v2\/media\/11257"}],"wp:attachment":[{"href":"https:\/\/towels.cc\/de\/wp-json\/wp\/v2\/media?parent=11256"}],"wp:term":[{"taxonomy":"product_brand","embeddable":true,"href":"https:\/\/towels.cc\/de\/wp-json\/wp\/v2\/product_brand?post=11256"},{"taxonomy":"product_cat","embeddable":true,"href":"https:\/\/towels.cc\/de\/wp-json\/wp\/v2\/product_cat?post=11256"},{"taxonomy":"product_tag","embeddable":true,"href":"https:\/\/towels.cc\/de\/wp-json\/wp\/v2\/product_tag?post=11256"}],"curies":[{"name":"wp","href":"https:\/\/api.w.org\/{rel}","templated":true}]}}