{"id":11243,"date":"2024-03-29T17:43:19","date_gmt":"2024-03-29T17:43:19","guid":{"rendered":"https:\/\/towels.cc\/?post_type=product&#038;p=11243"},"modified":"2024-11-05T15:39:19","modified_gmt":"2024-11-05T15:39:19","slug":"wholesale-cotton-hotel-and-spa-towel-sets-cotton-towels-manufacturers","status":"publish","type":"product","link":"https:\/\/towels.cc\/de\/produkt\/wholesale-cotton-hotel-and-spa-towel-sets-cotton-towels-manufacturers\/","title":{"rendered":"Gro\u00dfhandel Baumwoll-Hotel- und Spa-Handtuch-Sets Hersteller von Baumwollhandt\u00fcchern"},"content":{"rendered":"<p>Towelscc ist einer der <a href=\"https:\/\/towels.cc\/de\/cotton-towel\/\">Hersteller von Baumwollhandt\u00fcchern<\/a> In China konzentrieren wir uns auf individuell gestaltete Baumwollhandt\u00fccher in verschiedenen Farben, Gr\u00f6\u00dfen und Mustern. Wir akzeptieren alle OEM- und ODM-Bestellungen mit p\u00fcnktlicher Lieferung, schneller Kommunikation und wettbewerbsf\u00e4higen Preisen.<\/p>","protected":false},"excerpt":{"rendered":"<p><strong>Material:<\/strong> Baumwollfrottee 16er Zwirngarn<br \/>\n<strong>Technik:<\/strong> Gewebt, Flach, kein Logo<br \/>\n<strong>Dicke:<\/strong> 600GSM<br \/>\n<strong>Zusammensetzung:<\/strong> 100% Baumwolle<br \/>\n<strong>Handtuchgr\u00f6\u00dfe:<\/strong> 30x30cm, 35x75cm, 70x140cm<br \/>\n<strong>Vorteil:<\/strong> Fusselfrei, weich und bequem, verblasst nicht, einzigartiges Muster, maschinenwaschbar,<br \/>\n<strong>Welchen Ort k\u00f6nnen Sie nutzen?<\/strong><br \/>\nSpa, Hotel, Zuhause, Wohnung, Gasthof, Firmengeschenk, Werbegeschenk<\/p>","protected":false},"featured_media":11247,"template":"","meta":{"_seopress_robots_primary_cat":"none","_seopress_titles_title":"","_seopress_titles_desc":"","_seopress_robots_index":""},"product_brand":[],"product_cat":[58,55,66,65],"product_tag":[],"class_list":{"0":"post-11243","1":"product","2":"type-product","3":"status-publish","4":"has-post-thumbnail","6":"product_cat-baby-kids-towel","7":"product_cat-cotton-towel","8":"product_cat-hotel-towel","9":"product_cat-spa-towel","11":"first","12":"instock","13":"shipping-taxable","14":"product-type-simple"},"_links":{"self":[{"href":"https:\/\/towels.cc\/de\/wp-json\/wp\/v2\/product\/11243","targetHints":{"allow":["GET"]}}],"collection":[{"href":"https:\/\/towels.cc\/de\/wp-json\/wp\/v2\/product"}],"about":[{"href":"https:\/\/towels.cc\/de\/wp-json\/wp\/v2\/types\/product"}],"wp:featuredmedia":[{"embeddable":true,"href":"https:\/\/towels.cc\/de\/wp-json\/wp\/v2\/media\/11247"}],"wp:attachment":[{"href":"https:\/\/towels.cc\/de\/wp-json\/wp\/v2\/media?parent=11243"}],"wp:term":[{"taxonomy":"product_brand","embeddable":true,"href":"https:\/\/towels.cc\/de\/wp-json\/wp\/v2\/product_brand?post=11243"},{"taxonomy":"product_cat","embeddable":true,"href":"https:\/\/towels.cc\/de\/wp-json\/wp\/v2\/product_cat?post=11243"},{"taxonomy":"product_tag","embeddable":true,"href":"https:\/\/towels.cc\/de\/wp-json\/wp\/v2\/product_tag?post=11243"}],"curies":[{"name":"wp","href":"https:\/\/api.w.org\/{rel}","templated":true}]}}