{"id":10998,"date":"2024-03-28T05:43:50","date_gmt":"2024-03-28T05:43:50","guid":{"rendered":"https:\/\/towels.cc\/?post_type=product&#038;p=10998"},"modified":"2024-11-05T15:39:53","modified_gmt":"2024-11-05T15:39:53","slug":"10998","status":"publish","type":"product","link":"https:\/\/towels.cc\/de\/produkt\/10998\/","title":{"rendered":"Professioneller Anti-Bleichmittel-Spa-Handtuchwickel aus schwarzer Baumwolle im Gro\u00dfhandel"},"content":{"rendered":"<p>Wir sind professionelle Hersteller von schwarzer Baumwolle<a href=\"https:\/\/towels.cc\/de\/spa-towel\/\"> Lieferant von Spa-Handt\u00fcchern<\/a> Viele Friseursalons und -gesch\u00e4fte bieten g\u00fcnstige Gro\u00dfhandelspreise und gute Qualit\u00e4t an und akzeptieren auch kleine Bestellmengen.<\/p>","protected":false},"excerpt":{"rendered":"<p><strong>Material:<\/strong> 100% BAUMWOLLE<br \/>\n<strong>Technik:<\/strong> Gewebter, flacher, gef\u00e4rbter Stoff<br \/>\n<strong>Dicke:<\/strong> 400GSM<br \/>\n<strong>Zusammensetzung:<\/strong> 100% Baumwollfrottee-Loop<br \/>\n<strong>Handtuchgr\u00f6\u00dfe:<\/strong> 16\u2033x27\u2033<br \/>\n<strong>Vorteil:<\/strong> Fusselfrei, bleichmittelbest\u00e4ndig, weich und bequem, verblasst nicht, einzigartiges Muster, maschinenwaschbar.<br \/>\n<strong>Welchen Ort k\u00f6nnen Sie nutzen?<\/strong><br \/>\nBaden, Spa, Haareschneiden, Salon, im Freien, Hotel, zu Hause, Make-up-Entferner, Gesicht waschen, Werbegeschenk<\/p>","protected":false},"featured_media":11000,"template":"","meta":{"_seopress_robots_primary_cat":"none","_seopress_titles_title":"","_seopress_titles_desc":"","_seopress_robots_index":""},"product_brand":[],"product_cat":[55,54,65],"product_tag":[],"class_list":{"0":"post-10998","1":"product","2":"type-product","3":"status-publish","4":"has-post-thumbnail","6":"product_cat-cotton-towel","7":"product_cat-hair-towel","8":"product_cat-spa-towel","10":"first","11":"instock","12":"shipping-taxable","13":"product-type-simple"},"_links":{"self":[{"href":"https:\/\/towels.cc\/de\/wp-json\/wp\/v2\/product\/10998","targetHints":{"allow":["GET"]}}],"collection":[{"href":"https:\/\/towels.cc\/de\/wp-json\/wp\/v2\/product"}],"about":[{"href":"https:\/\/towels.cc\/de\/wp-json\/wp\/v2\/types\/product"}],"wp:featuredmedia":[{"embeddable":true,"href":"https:\/\/towels.cc\/de\/wp-json\/wp\/v2\/media\/11000"}],"wp:attachment":[{"href":"https:\/\/towels.cc\/de\/wp-json\/wp\/v2\/media?parent=10998"}],"wp:term":[{"taxonomy":"product_brand","embeddable":true,"href":"https:\/\/towels.cc\/de\/wp-json\/wp\/v2\/product_brand?post=10998"},{"taxonomy":"product_cat","embeddable":true,"href":"https:\/\/towels.cc\/de\/wp-json\/wp\/v2\/product_cat?post=10998"},{"taxonomy":"product_tag","embeddable":true,"href":"https:\/\/towels.cc\/de\/wp-json\/wp\/v2\/product_tag?post=10998"}],"curies":[{"name":"wp","href":"https:\/\/api.w.org\/{rel}","templated":true}]}}