{"id":10993,"date":"2024-03-28T05:39:17","date_gmt":"2024-03-28T05:39:17","guid":{"rendered":"https:\/\/towels.cc\/?post_type=product&#038;p=10993"},"modified":"2024-03-28T05:41:53","modified_gmt":"2024-03-28T05:41:53","slug":"plain-weaving-16s-twist-plant-dyed-cotton-workout-towels","status":"publish","type":"product","link":"https:\/\/towels.cc\/de\/produkt\/plain-weaving-16s-twist-plant-dyed-cotton-workout-towels\/","title":{"rendered":"Trainingshandt\u00fccher aus pflanzengef\u00e4rbter Baumwolle mit 16er-Zwirn in Leinwandbindung"},"content":{"rendered":"<p>Die Trainingshandt\u00fccher werden von einer professionellen Fabrik f\u00fcr Fitnesshandt\u00fccher aus hochwertigem 16S-Baumwollgarn hergestellt, mit einem sch\u00f6nen Logo als Markenzeichen bestickt und einer gefalteten Tasche f\u00fcr Kopfh\u00f6rer und Schl\u00fcssel, wenn Sie drau\u00dfen oder im Fitnessstudio laufen oder joggen. Unser Unternehmen bietet kostenlose Musterentwicklung und individuellen Kundenservice f\u00fcr individuelle Handtuchbestellungen.<\/p>","protected":false},"excerpt":{"rendered":"<p><strong>Material:<\/strong> 100% \u00c4gyptische Baumwolle<br \/>\n<strong>Technik:<\/strong> Gewebtes, flaches, gesticktes Logo<br \/>\n<strong>Dicke:<\/strong> 550GSM<br \/>\n<strong>Zusammensetzung:<\/strong> 100% 16S-Zwirn-Baumwollgarn<br \/>\n<strong>Handtuchgr\u00f6\u00dfe:<\/strong>30\u00d7110 cm<br \/>\n<strong>Vorteil:<\/strong> Fusselfrei, mit Pflanzen gef\u00e4rbt, nicht sch\u00e4dlich f\u00fcr die Haut, wasserabsorbierend, weich und bequem, verblasst nicht, eine Tasche zum Aufbewahren kleiner Dinge.<br \/>\n<strong>Welchen Ort k\u00f6nnen Sie nutzen?<\/strong><br \/>\nTrainingshandtuch, Sport, Bergsteigen, Fitnessstudio, Fitness, Laufen im Freien, Joggen, Werbegeschenk<\/p>","protected":false},"featured_media":10996,"template":"","meta":{"_seopress_robots_primary_cat":"","_seopress_titles_title":"","_seopress_titles_desc":"","_seopress_robots_index":""},"product_brand":[],"product_cat":[55,49],"product_tag":[],"class_list":{"0":"post-10993","1":"product","2":"type-product","3":"status-publish","4":"has-post-thumbnail","6":"product_cat-cotton-towel","7":"product_cat-gym-towel","9":"first","10":"instock","11":"shipping-taxable","12":"product-type-simple"},"_links":{"self":[{"href":"https:\/\/towels.cc\/de\/wp-json\/wp\/v2\/product\/10993","targetHints":{"allow":["GET"]}}],"collection":[{"href":"https:\/\/towels.cc\/de\/wp-json\/wp\/v2\/product"}],"about":[{"href":"https:\/\/towels.cc\/de\/wp-json\/wp\/v2\/types\/product"}],"wp:featuredmedia":[{"embeddable":true,"href":"https:\/\/towels.cc\/de\/wp-json\/wp\/v2\/media\/10996"}],"wp:attachment":[{"href":"https:\/\/towels.cc\/de\/wp-json\/wp\/v2\/media?parent=10993"}],"wp:term":[{"taxonomy":"product_brand","embeddable":true,"href":"https:\/\/towels.cc\/de\/wp-json\/wp\/v2\/product_brand?post=10993"},{"taxonomy":"product_cat","embeddable":true,"href":"https:\/\/towels.cc\/de\/wp-json\/wp\/v2\/product_cat?post=10993"},{"taxonomy":"product_tag","embeddable":true,"href":"https:\/\/towels.cc\/de\/wp-json\/wp\/v2\/product_tag?post=10993"}],"curies":[{"name":"wp","href":"https:\/\/api.w.org\/{rel}","templated":true}]}}